{"id":103319,"date":"2021-03-19T09:00:13","date_gmt":"2021-03-19T09:00:13","guid":{"rendered":"https:\/\/www.mallorcamedicalgroup.es\/contact\/"},"modified":"2025-08-04T14:18:06","modified_gmt":"2025-08-04T14:18:06","slug":"contact-and-book-your-appointment","status":"publish","type":"page","link":"https:\/\/mallorcamedicalgroup.com\/en\/contact-and-book-your-appointment\/","title":{"rendered":"Contact"},"content":{"rendered":"<p>[vc_row row_height_percent=&#8221;0&#8243; override_padding=&#8221;yes&#8221; h_padding=&#8221;2&#8243; top_padding=&#8221;5&#8243; bottom_padding=&#8221;5&#8243; back_color=&#8221;color-wayh&#8221; back_image=&#8221;101408&#8243; back_repeat=&#8221;no-repeat&#8221; back_position=&#8221;center center&#8221; overlay_color=&#8221;color-133e67&#8243; overlay_alpha=&#8221;50&#8243; gutter_size=&#8221;3&#8243; column_width_percent=&#8221;100&#8243; shift_y=&#8221;0&#8243; z_index=&#8221;0&#8243; medium_visibility=&#8221;yes&#8221; mobile_visibility=&#8221;yes&#8221; uncode_shortcode_id=&#8221;754342&#8243; back_color_type=&#8221;uncode-palette&#8221; back_size=&#8221;100% auto&#8221; overlay_color_type=&#8221;uncode-palette&#8221;][vc_column column_width_percent=&#8221;100&#8243; position_vertical=&#8221;middle&#8221; gutter_size=&#8221;0&#8243; override_padding=&#8221;yes&#8221; column_padding=&#8221;0&#8243; style=&#8221;dark&#8221; overlay_alpha=&#8221;50&#8243; shift_x=&#8221;0&#8243; shift_y=&#8221;0&#8243; shift_y_down=&#8221;0&#8243; z_index=&#8221;0&#8243; medium_width=&#8221;0&#8243; mobile_width=&#8221;0&#8243; width=&#8221;1\/1&#8243; uncode_shortcode_id=&#8221;201264&#8243; mobile_height=&#8221;380&#8243;][vc_custom_heading heading_semantic=&#8221;div&#8221; text_font=&#8221;font-title&#8221; text_size=&#8221;h6&#8243; text_weight=&#8221;500&#8243; text_space=&#8221;fontspace-2px&#8221; uncode_shortcode_id=&#8221;797918&#8243; el_class=&#8221;op05&#8243;]MALLORCA MEDICAL GROUP[\/vc_custom_heading][vc_empty_space empty_h=&#8221;1&#8243;][vc_custom_heading heading_semantic=&#8221;h1&#8243; text_font=&#8221;font-title&#8221; text_size=&#8221;h1&#8243; text_weight=&#8221;700&#8243; uncode_shortcode_id=&#8221;160207&#8243; el_class=&#8221;reducedTopSpace&#8221;]Contact Page[\/vc_custom_heading][\/vc_column][\/vc_row][vc_row unlock_row_content=&#8221;yes&#8221; row_height_percent=&#8221;0&#8243; override_padding=&#8221;yes&#8221; h_padding=&#8221;0&#8243; top_padding=&#8221;0&#8243; bottom_padding=&#8221;0&#8243; back_color=&#8221;accent&#8221; overlay_alpha=&#8221;50&#8243; equal_height=&#8221;yes&#8221; gutter_size=&#8221;0&#8243; column_width_percent=&#8221;100&#8243; shift_y=&#8221;0&#8243; z_index=&#8221;0&#8243; bottom_divider=&#8221;gradient&#8221;][vc_column column_width_use_pixel=&#8221;yes&#8221; position_horizontal=&#8221;right&#8221; gutter_size=&#8221;3&#8243; override_padding=&#8221;yes&#8221; column_padding=&#8221;4&#8243; style=&#8221;dark&#8221; back_color=&#8221;color-133e67&#8243; overlay_alpha=&#8221;50&#8243; shift_x=&#8221;0&#8243; shift_y=&#8221;0&#8243; shift_y_down=&#8221;0&#8243; z_index=&#8221;0&#8243; medium_width=&#8221;0&#8243; mobile_width=&#8221;0&#8243; width=&#8221;1\/2&#8243; column_width_pixel=&#8221;520&#8243; uncode_shortcode_id=&#8221;169388&#8243; back_color_type=&#8221;uncode-palette&#8221;][vc_custom_heading heading_semantic=&#8221;div&#8221; text_font=&#8221;font-title&#8221; text_size=&#8221;h6&#8243; text_weight=&#8221;500&#8243; text_space=&#8221;fontspace-2px&#8221; uncode_shortcode_id=&#8221;104082&#8243; el_class=&#8221;op05&#8243;]MMG CONSULTATION[\/vc_custom_heading][vc_custom_heading heading_semantic=&#8221;div&#8221; text_font=&#8221;font-title&#8221; text_size=&#8221;h1&#8243; text_weight=&#8221;700&#8243; uncode_shortcode_id=&#8221;106719&#8243; el_class=&#8221;reducedTopSpace&#8221;]Book your consultation[\/vc_custom_heading][vc_separator sep_color=&#8221;,Default&#8221;][vc_empty_space empty_h=&#8221;2&#8243;][vc_icon position=&#8221;left&#8221; icon=&#8221;fa fa-map-marker&#8221; heading_semantic=&#8221;div&#8221; text_size=&#8221;&#8221; uncode_shortcode_id=&#8221;409443&#8243; el_class=&#8221;hackMB&#8221;]<a class=\"linkAddress\" href=\"https:\/\/www.google.es\/maps\/place\/Carrer+de+Murcia,+40,+07013+Palma,+Illes+Balears\/@39.5870639,2.6213939,17z\/data=!3m1!4b1!4m5!3m4!1s0x12979283f711b4c3:0xa43dfb064e9a57c0!8m2!3d39.5870598!4d2.6235826?ucbcb=1\" target=\"_blank\" rel=\"noopener\">Carrer M\u00farcia, 40, 07013<br \/><strong>Palma de Mallorca<\/strong><br \/>Balearic Islands<\/a>[\/vc_icon][vc_icon position=&#8221;left&#8221; icon=&#8221;fa fa-phone&#8221; heading_semantic=&#8221;div&#8221; text_size=&#8221;&#8221; uncode_shortcode_id=&#8221;123186&#8243;]<strong><a href=\"tel:+34683378585\">683 378 585<\/a><\/strong>[\/vc_icon][vc_icon position=&#8221;left&#8221; icon=&#8221;fa fa-envelope&#8221; heading_semantic=&#8221;div&#8221; text_size=&#8221;&#8221; uncode_shortcode_id=&#8221;127594&#8243; el_class=&#8221;hackTMail&#8221;]info@mallorcamedicalgroup.com[\/vc_icon][vc_separator sep_color=&#8221;,Default&#8221;][vc_column_text uncode_shortcode_id=&#8221;175265&#8243;]<\/p>\n<div id=\"ez-toc-container\" class=\"ez-toc-v2_0_82_2 ez-toc-wrap-left counter-hierarchy ez-toc-counter ez-toc-grey ez-toc-container-direction\">\n<div class=\"ez-toc-title-container\">\n<p class=\"ez-toc-title\" style=\"cursor:inherit\">Tabla de Contenidos<\/p>\n<span class=\"ez-toc-title-toggle\"><a href=\"#\" class=\"ez-toc-pull-right ez-toc-btn ez-toc-btn-xs ez-toc-btn-default ez-toc-toggle\" aria-label=\"Toggle Table of Content\"><span class=\"ez-toc-js-icon-con\"><span class=\"\"><span class=\"eztoc-hide\" style=\"display:none;\">Toggle<\/span><span class=\"ez-toc-icon-toggle-span\"><svg style=\"fill: #999;color:#999\" xmlns=\"http:\/\/www.w3.org\/2000\/svg\" class=\"list-377408\" width=\"20px\" height=\"20px\" viewBox=\"0 0 24 24\" fill=\"none\"><path d=\"M6 6H4v2h2V6zm14 0H8v2h12V6zM4 11h2v2H4v-2zm16 0H8v2h12v-2zM4 16h2v2H4v-2zm16 0H8v2h12v-2z\" fill=\"currentColor\"><\/path><\/svg><svg style=\"fill: #999;color:#999\" class=\"arrow-unsorted-368013\" xmlns=\"http:\/\/www.w3.org\/2000\/svg\" width=\"10px\" height=\"10px\" viewBox=\"0 0 24 24\" version=\"1.2\" baseProfile=\"tiny\"><path d=\"M18.2 9.3l-6.2-6.3-6.2 6.3c-.2.2-.3.4-.3.7s.1.5.3.7c.2.2.4.3.7.3h11c.3 0 .5-.1.7-.3.2-.2.3-.5.3-.7s-.1-.5-.3-.7zM5.8 14.7l6.2 6.3 6.2-6.3c.2-.2.3-.5.3-.7s-.1-.5-.3-.7c-.2-.2-.4-.3-.7-.3h-11c-.3 0-.5.1-.7.3-.2.2-.3.5-.3.7s.1.5.3.7z\"\/><\/svg><\/span><\/span><\/span><\/a><\/span><\/div>\n<nav><ul class='ez-toc-list ez-toc-list-level-1 ' ><li class='ez-toc-page-1 ez-toc-heading-level-4'><a class=\"ez-toc-link ez-toc-heading-1\" href=\"#\" data-href=\"https:\/\/mallorcamedicalgroup.com\/en\/contact-and-book-your-appointment\/#Contact_with_Mallorca_Medical_Group\" >Contact with Mallorca Medical Group<\/a><\/li><li class='ez-toc-page-1 ez-toc-heading-level-4'><a class=\"ez-toc-link ez-toc-heading-2\" href=\"#\" data-href=\"https:\/\/mallorcamedicalgroup.com\/en\/contact-and-book-your-appointment\/#General_inquiries\" >General inquiries:<\/a><\/li><li class='ez-toc-page-1 ez-toc-heading-level-4'><a class=\"ez-toc-link ez-toc-heading-3\" href=\"#\" data-href=\"https:\/\/mallorcamedicalgroup.com\/en\/contact-and-book-your-appointment\/#Appointment_reservation\" >Appointment reservation:<\/a><\/li><li class='ez-toc-page-1 ez-toc-heading-level-4'><a class=\"ez-toc-link ez-toc-heading-4\" href=\"#\" data-href=\"https:\/\/mallorcamedicalgroup.com\/en\/contact-and-book-your-appointment\/#Queries_and_Questions\" >Queries and Questions:<\/a><\/li><li class='ez-toc-page-1 ez-toc-heading-level-4'><a class=\"ez-toc-link ez-toc-heading-5\" href=\"#\" data-href=\"https:\/\/mallorcamedicalgroup.com\/en\/contact-and-book-your-appointment\/#Location_and_contact_information\" >Location and contact information:<\/a><\/li><\/ul><\/nav><\/div>\n<h4><span class=\"ez-toc-section\" id=\"Contact_with_Mallorca_Medical_Group\"><\/span><b>Contact with Mallorca Medical Group<\/b><span class=\"ez-toc-section-end\"><\/span><\/h4>\n<p><span style=\"font-weight: 400;\">Thank you for contacting Mallorca Medical Group. We are here to help you with any questions or inquiries you may have. Please feel free to use the form below to contact us for any general inquiries, appointment requests or additional information you may need.  <\/span><\/p>\n<p><span style=\"font-weight: 400;\"> <\/span><\/p>\n<h4><span class=\"ez-toc-section\" id=\"General_inquiries\"><\/span><b>General inquiries:<\/b><span class=\"ez-toc-section-end\"><\/span><\/h4>\n<p><span style=\"font-weight: 400;\">If you have general questions about our services and procedures, or would like more information about our clinic, please complete the form below and we will contact you shortly.<\/span><\/p>\n<p><span style=\"font-weight: 400;\"> <\/span><\/p>\n<h4><span class=\"ez-toc-section\" id=\"Appointment_reservation\"><\/span><b>Appointment reservation:<\/b><span class=\"ez-toc-section-end\"><\/span><\/h4>\n<p><span style=\"font-weight: 400;\">If you would like to schedule an appointment with one of our highly qualified plastic surgeons or discuss a specific treatment, you can easily do so by clicking on &#8220;<\/span><a href=\"https:\/\/mallorcamedicalgroup.ofimedic.com\/default.aspx\" target=\"_blank\" rel=\"noopener\"><span style=\"font-weight: 400;\">Book an appointment online<\/span><\/a><span style=\"font-weight: 400;\">  &#8220;. Our team will guide you through the process and find a convenient time for your consultation.<\/span><\/p>\n<h4><span style=\"font-weight: 400;\"> <\/span><\/h4>\n<h4><span class=\"ez-toc-section\" id=\"Queries_and_Questions\"><\/span><b>Queries and Questions:<\/b><span class=\"ez-toc-section-end\"><\/span><\/h4>\n<p><span style=\"font-weight: 400;\">At Mallorca Medical Group we value clear communication with our patients. If you have any specific concerns or questions about plastic surgery, cosmetic treatments or any aspect of your care, please do not hesitate to contact us. Our dedicated team of experts is here to provide you with the information and support you need.  <\/span><\/p>\n<p><span style=\"font-weight: 400;\"> <\/span><\/p>\n<h4><span class=\"ez-toc-section\" id=\"Location_and_contact_information\"><\/span><b>Location and contact information:<\/b><span class=\"ez-toc-section-end\"><\/span><\/h4>\n<p><span style=\"font-weight: 400;\">Mallorca Medical Group is conveniently located in Mallorca, Spain. You can find our clinic address and contact details below: <\/span><\/p>\n<p><span style=\"font-weight: 400;\"> <\/span><\/p>\n<p><b>ADDRESS:<\/b><a href=\"https:\/\/www.google.es\/maps\/place\/Carrer+de+Murcia,+40,+07013+Palma,+Illes+Balears\/@39.5870638,2.6187117,17z\/data=!3m1!4b1!4m6!3m5!1s0x12979283f711b4c3:0xa43dfb064e9a57c0!8m2!3d39.5870598!4d2.6235826!16s%2Fg%2F11c5d6s9k5?entry=tts&amp;ucbcb=1\" target=\"_blank\" rel=\"noopener\"> <span style=\"font-weight: 400;\">Calle Murcia 40-07013-Palma de mallorca<\/span><\/a><\/p>\n<p><b>Phone:<\/b><span style=\"font-weight: 400;\"> +34 971 254 686<\/span><\/p>\n<p><b>E-mail:<\/b><span style=\"font-weight: 400;\">info@mallorcamedicalgroup.com<\/span><\/p>\n<p><span style=\"font-weight: 400;\"> <\/span><\/p>\n<p><span style=\"font-weight: 400;\">Your health, beauty and satisfaction are our top priorities. We look forward to helping you on your journey to a more confident and radiant you. If you have questions, would like to schedule an appointment or seek guidance, we are here to help. Please fill out the form below or click on &#8221;   <\/span><a href=\"https:\/\/mallorcamedicalgroup.ofimedic.com\/default.aspx\" target=\"_blank\" rel=\"noopener\"><span style=\"font-weight: 400;\">Book an appointment<\/span><\/a><span style=\"font-weight: 400;\">&#8220;We look forward to hearing from you and being a part of your transformation! <\/span>[\/vc_column_text][vc_button size=&#8221;btn-sm&#8221; outline=&#8221;yes&#8221; custom_typo=&#8221;yes&#8221; font_family=&#8221;font-default&#8221; font_weight=&#8221;400&#8243; letter_spacing=&#8221;fontspace-2px&#8221; border_width=&#8221;0&#8243; icon_position=&#8221;right&#8221; link=&#8221;url:https%3A%2F%2Fmallorcamedicalgroup.ofimedic.com%2Fdefault.aspx|title:BOOK%20AN%20APPOINTMENT%20ONLINE|target:_blank|&#8221; icon=&#8221;fa fa-long-arrow-right&#8221; uncode_shortcode_id=&#8221;169770&#8243;]BOOK AN APPOINTMENT ONLINE[\/vc_button][\/vc_column][vc_column column_width_use_pixel=&#8221;yes&#8221; position_horizontal=&#8221;left&#8221; gutter_size=&#8221;3&#8243; override_padding=&#8221;yes&#8221; column_padding=&#8221;4&#8243; back_color=&#8221;color-gyho&#8221; overlay_alpha=&#8221;50&#8243; shift_x=&#8221;0&#8243; shift_y=&#8221;0&#8243; shift_y_down=&#8221;0&#8243; z_index=&#8221;0&#8243; medium_width=&#8221;0&#8243; mobile_width=&#8221;0&#8243; width=&#8221;1\/2&#8243; column_width_pixel=&#8221;520&#8243; uncode_shortcode_id=&#8221;150590&#8243; back_color_type=&#8221;uncode-palette&#8221;][vc_custom_heading text_color=&#8221;color-wvjs&#8221; heading_semantic=&#8221;div&#8221; text_font=&#8221;font-title&#8221; text_size=&#8221;h6&#8243; text_weight=&#8221;500&#8243; text_space=&#8221;fontspace-2px&#8221; uncode_shortcode_id=&#8221;182576&#8243; text_color_type=&#8221;uncode-palette&#8221; el_class=&#8221;op05&#8243;]CONTACT MMG[\/vc_custom_heading][vc_custom_heading text_color=&#8221;color-prif&#8221; heading_semantic=&#8221;div&#8221; text_font=&#8221;font-title&#8221; text_size=&#8221;h1&#8243; text_weight=&#8221;700&#8243; uncode_shortcode_id=&#8221;133999&#8243; text_color_type=&#8221;uncode-palette&#8221; el_class=&#8221;reducedTopSpace&#8221;]Send us your message[\/vc_custom_heading][vc_separator sep_color=&#8221;color-688769&#8243; uncode_shortcode_id=&#8221;426641&#8243; sep_color_type=&#8221;uncode-palette&#8221;]\n<div class=\"wpcf7 no-js\" id=\"wpcf7-f22444-o1\" lang=\"es-ES\" dir=\"ltr\" data-wpcf7-id=\"22444\">\n<div class=\"screen-reader-response\"><p role=\"status\" aria-live=\"polite\" aria-atomic=\"true\"><\/p> <ul><\/ul><\/div>\n<form action=\"\/en\/wp-json\/wp\/v2\/pages\/103319#wpcf7-f22444-o1\" method=\"post\" class=\"wpcf7-form init input-background form-no-labels\" aria-label=\"Formulario de contacto\" novalidate=\"novalidate\" data-status=\"init\">\n<div style=\"display: none;\">\n<input type=\"hidden\" name=\"_wpcf7\" value=\"22444\" \/>\n<input type=\"hidden\" name=\"_wpcf7_version\" value=\"6.0.3\" \/>\n<input type=\"hidden\" name=\"_wpcf7_locale\" value=\"es_ES\" \/>\n<input type=\"hidden\" name=\"_wpcf7_unit_tag\" value=\"wpcf7-f22444-o1\" \/>\n<input type=\"hidden\" name=\"_wpcf7_container_post\" value=\"0\" \/>\n<input type=\"hidden\" name=\"_wpcf7_posted_data_hash\" value=\"\" \/>\n<input type=\"hidden\" name=\"_wpcf7_recaptcha_response\" value=\"\" \/>\n<\/div>\n<div class=\"myForm\">\n\t<div>\n\t\t<p><span class=\"wpcf7-form-control-wrap\" data-name=\"nombre-apellidos\"><input size=\"40\" maxlength=\"400\" class=\"wpcf7-form-control wpcf7-text wpcf7-validates-as-required form-fluid\" aria-required=\"true\" aria-invalid=\"false\" placeholder=\"Nombre y apellidos*\" value=\"\" type=\"text\" name=\"nombre-apellidos\" \/><\/span>\n\t\t<\/p>\n\t<\/div>\n\t<div>\n\t\t<p><span class=\"wpcf7-form-control-wrap\" data-name=\"email\"><input size=\"40\" maxlength=\"400\" class=\"wpcf7-form-control wpcf7-email wpcf7-validates-as-required wpcf7-text wpcf7-validates-as-email form-fluid\" aria-required=\"true\" aria-invalid=\"false\" placeholder=\"Email*\" value=\"\" type=\"email\" name=\"email\" \/><\/span>\n\t\t<\/p>\n\t<\/div>\n\t<div>\n\t\t<p><span class=\"wpcf7-form-control-wrap\" data-name=\"telefono\"><input size=\"40\" maxlength=\"400\" class=\"wpcf7-form-control wpcf7-tel wpcf7-validates-as-required wpcf7-text wpcf7-validates-as-tel\" aria-required=\"true\" aria-invalid=\"false\" placeholder=\"Tel\u00e9fono*\" value=\"\" type=\"tel\" name=\"telefono\" \/><\/span>\n\t\t<\/p>\n\t<\/div>\n\t<div>\n\t\t<p><span class=\"wpcf7-form-control-wrap\" data-name=\"mensaje\"><textarea cols=\"40\" rows=\"8\" maxlength=\"2000\" class=\"wpcf7-form-control wpcf7-textarea\" aria-invalid=\"false\" placeholder=\"Mensaje\" name=\"mensaje\"><\/textarea><\/span>\n\t\t<\/p>\n\t<\/div>\n\t<div class=\"infoAccept\">\n\t\t<p>Los datos de car\u00e1cter personal que consten en la consulta ser\u00e1n tratados por Mallorca Medical Group, cuya finalidad es atender tus solicitudes, peticiones o consultas recibidas desde la web, mediante correo electr\u00f3nico o telef\u00f3nico, dar respuesta a tu solicitud y hacer un seguimiento posterior. La legitimaci\u00f3n del tratamiento es tu consentimiento. Tus datos no ser\u00e1n cedidos a terceros.\n\t\t<\/p>\n\t<\/div>\n\t<div class=\"accept\">\n\t\t<p><span class=\"wpcf7-form-control-wrap\" data-name=\"acceptance-351\"><span class=\"wpcf7-form-control wpcf7-acceptance\"><span class=\"wpcf7-list-item\"><label><input type=\"checkbox\" name=\"acceptance-351\" value=\"1\" aria-invalid=\"false\" \/><span class=\"wpcf7-list-item-label\">He le\u00eddo y acepto la <a href=\"\/politica-privacidad\/\" target=\"_blank\">Pol\u00edtica de Privacidad<\/a> de mallorcamedicalgroup.com<\/span><\/label><\/span><\/span><\/span>\n\t\t<\/p>\n\t<\/div>\n<\/div>\n<div class=\"myFormButton\">\n\t<p><input class=\"wpcf7-form-control wpcf7-submit has-spinner btn btn-accent btn-lg\" type=\"submit\" value=\"Enviar mensaje\" \/>\n\t<\/p>\n<\/div><p style=\"display: none !important;\" class=\"akismet-fields-container\" data-prefix=\"_wpcf7_ak_\"><label>&#916;<textarea name=\"_wpcf7_ak_hp_textarea\" cols=\"45\" rows=\"8\" maxlength=\"100\"><\/textarea><\/label><input type=\"hidden\" id=\"ak_js_1\" name=\"_wpcf7_ak_js\" value=\"243\"\/><script>document.getElementById( \"ak_js_1\" ).setAttribute( \"value\", ( new Date() ).getTime() );<\/script><\/p><div class=\"wpcf7-response-output\" aria-hidden=\"true\"><\/div>\n<\/form>\n<\/div>\n[\/vc_column][\/vc_row][vc_row unlock_row_content=&#8221;yes&#8221; row_height_percent=&#8221;0&#8243; override_padding=&#8221;yes&#8221; h_padding=&#8221;0&#8243; top_padding=&#8221;0&#8243; bottom_padding=&#8221;0&#8243; overlay_alpha=&#8221;100&#8243; gutter_size=&#8221;3&#8243; column_width_percent=&#8221;100&#8243; border_color=&#8221;color-688769&#8243; border_style=&#8221;solid&#8221; shift_y=&#8221;0&#8243; z_index=&#8221;0&#8243; uncode_shortcode_id=&#8221;196355&#8243; css=&#8221;.vc_custom_1639157102162{border-top-width: 1px !important;border-right-width: 0px !important;border-bottom-width: 1px !important;border-left-width: 0px !important;}&#8221; border_color_type=&#8221;uncode-palette&#8221;][vc_column column_width_percent=&#8221;100&#8243; position_horizontal=&#8221;left&#8221; gutter_size=&#8221;3&#8243; expand_height=&#8221;yes&#8221; overlay_alpha=&#8221;100&#8243; shift_x=&#8221;0&#8243; shift_y=&#8221;0&#8243; shift_y_down=&#8221;0&#8243; z_index=&#8221;0&#8243; medium_width=&#8221;0&#8243; mobile_width=&#8221;0&#8243; zoom_width=&#8221;0&#8243; zoom_height=&#8221;0&#8243; width=&#8221;1\/1&#8243; mobile_height=&#8221;260&#8243;][vc_gmaps map_color=&#8221;&#8221; ui_color=&#8221;color-133e67&#8243; zoom=&#8221;15&#8243; map_saturation=&#8221;0&#8243; map_brightness=&#8221;-79&#8243; latlon=&#8221;39.58729129021101, 2.6235504115037007&#8243; uncode_shortcode_id=&#8221;235718&#8243; ui_color_type=&#8221;uncode-palette&#8221; size=&#8221;550&#8243;][\/vc_column][\/vc_row]<\/p>\n","protected":false},"excerpt":{"rendered":"<p>[vc_row row_height_percent=&#8221;0&#8243; override_padding=&#8221;yes&#8221; h_padding=&#8221;2&#8243; top_padding=&#8221;5&#8243; bottom_padding=&#8221;5&#8243; back_color=&#8221;color-wayh&#8221; back_image=&#8221;101408&#8243; back_repeat=&#8221;no-repeat&#8221; back_position=&#8221;center center&#8221; overlay_color=&#8221;color-133e67&#8243; overlay_alpha=&#8221;50&#8243; gutter_size=&#8221;3&#8243; column_width_percent=&#8221;100&#8243; shift_y=&#8221;0&#8243; z_index=&#8221;0&#8243; medium_visibility=&#8221;yes&#8221; mobile_visibility=&#8221;yes&#8221; uncode_shortcode_id=&#8221;754342&#8243; [&hellip;]<\/p>\n","protected":false},"author":1,"featured_media":103085,"parent":0,"menu_order":0,"comment_status":"closed","ping_status":"closed","template":"","meta":{"footnotes":""},"class_list":["post-103319","page","type-page","status-publish","has-post-thumbnail","hentry"],"_links":{"self":[{"href":"https:\/\/mallorcamedicalgroup.com\/en\/wp-json\/wp\/v2\/pages\/103319","targetHints":{"allow":["GET"]}}],"collection":[{"href":"https:\/\/mallorcamedicalgroup.com\/en\/wp-json\/wp\/v2\/pages"}],"about":[{"href":"https:\/\/mallorcamedicalgroup.com\/en\/wp-json\/wp\/v2\/types\/page"}],"author":[{"embeddable":true,"href":"https:\/\/mallorcamedicalgroup.com\/en\/wp-json\/wp\/v2\/users\/1"}],"replies":[{"embeddable":true,"href":"https:\/\/mallorcamedicalgroup.com\/en\/wp-json\/wp\/v2\/comments?post=103319"}],"version-history":[{"count":13,"href":"https:\/\/mallorcamedicalgroup.com\/en\/wp-json\/wp\/v2\/pages\/103319\/revisions"}],"predecessor-version":[{"id":108886,"href":"https:\/\/mallorcamedicalgroup.com\/en\/wp-json\/wp\/v2\/pages\/103319\/revisions\/108886"}],"wp:featuredmedia":[{"embeddable":true,"href":"https:\/\/mallorcamedicalgroup.com\/en\/wp-json\/wp\/v2\/media\/103085"}],"wp:attachment":[{"href":"https:\/\/mallorcamedicalgroup.com\/en\/wp-json\/wp\/v2\/media?parent=103319"}],"curies":[{"name":"wp","href":"https:\/\/api.w.org\/{rel}","templated":true}]}}