{"id":103334,"date":"2021-12-17T11:26:40","date_gmt":"2021-12-17T11:26:40","guid":{"rendered":"https:\/\/www.mallorcamedicalgroup.es\/we\/dr-garcia-ceballos\/"},"modified":"2025-02-13T19:41:05","modified_gmt":"2025-02-13T19:41:05","slug":"dr-garcia-ceballos","status":"publish","type":"page","link":"https:\/\/mallorcamedicalgroup.com\/en\/about-us\/dr-garcia-ceballos\/","title":{"rendered":"Dr. Garcia Ceballos &#8211; Plastic Surgeon"},"content":{"rendered":"<p>[vc_row row_height_percent=&#8221;0&#8243; override_padding=&#8221;yes&#8221; h_padding=&#8221;2&#8243; top_padding=&#8221;5&#8243; bottom_padding=&#8221;5&#8243; back_color=&#8221;color-wayh&#8221; back_image=&#8221;101408&#8243; back_repeat=&#8221;no-repeat&#8221; back_position=&#8221;center center&#8221; overlay_color=&#8221;color-133e67&#8243; overlay_alpha=&#8221;50&#8243; gutter_size=&#8221;3&#8243; column_width_percent=&#8221;100&#8243; shift_y=&#8221;0&#8243; z_index=&#8221;0&#8243; medium_visibility=&#8221;yes&#8221; mobile_visibility=&#8221;yes&#8221; uncode_shortcode_id=&#8221;754342&#8243; back_color_type=&#8221;uncode-palette&#8221; back_size=&#8221;100% auto&#8221; overlay_color_type=&#8221;uncode-palette&#8221;][vc_column column_width_percent=&#8221;100&#8243; position_vertical=&#8221;middle&#8221; gutter_size=&#8221;0&#8243; override_padding=&#8221;yes&#8221; column_padding=&#8221;0&#8243; style=&#8221;dark&#8221; overlay_alpha=&#8221;50&#8243; shift_x=&#8221;0&#8243; shift_y=&#8221;0&#8243; shift_y_down=&#8221;0&#8243; z_index=&#8221;0&#8243; medium_width=&#8221;0&#8243; mobile_width=&#8221;0&#8243; width=&#8221;1\/1&#8243; uncode_shortcode_id=&#8221;201264&#8243; mobile_height=&#8221;380&#8243;][vc_custom_heading heading_semantic=&#8221;div&#8221; text_font=&#8221;font-title&#8221; text_size=&#8221;h6&#8243; text_weight=&#8221;500&#8243; text_space=&#8221;fontspace-2px&#8221; uncode_shortcode_id=&#8221;797918&#8243; el_class=&#8221;op05&#8243;]MALLORCA MEDICAL GROUP[\/vc_custom_heading][vc_empty_space empty_h=&#8221;1&#8243;][vc_custom_heading heading_semantic=&#8221;h1&#8243; text_font=&#8221;font-title&#8221; text_size=&#8221;h1&#8243; text_weight=&#8221;700&#8243; uncode_shortcode_id=&#8221;270136&#8243; el_class=&#8221;reducedTopSpace&#8221;]Dr. Garc\u00eda Ceballos[\/vc_custom_heading][\/vc_column][\/vc_row][vc_row unlock_row_content=&#8221;yes&#8221; row_height_percent=&#8221;0&#8243; override_padding=&#8221;yes&#8221; h_padding=&#8221;0&#8243; top_padding=&#8221;0&#8243; bottom_padding=&#8221;0&#8243; back_color=&#8221;color-lxmt&#8221; overlay_alpha=&#8221;50&#8243; equal_height=&#8221;yes&#8221; gutter_size=&#8221;3&#8243; column_width_percent=&#8221;100&#8243; shift_y=&#8221;0&#8243; z_index=&#8221;0&#8243; uncode_shortcode_id=&#8221;385495&#8243; back_color_type=&#8221;uncode-palette&#8221;][vc_column column_width_use_pixel=&#8221;yes&#8221; gutter_size=&#8221;3&#8243; override_padding=&#8221;yes&#8221; column_padding=&#8221;4&#8243; overlay_alpha=&#8221;50&#8243; shift_x=&#8221;0&#8243; shift_y=&#8221;0&#8243; shift_y_down=&#8221;0&#8243; z_index=&#8221;0&#8243; medium_width=&#8221;0&#8243; mobile_width=&#8221;0&#8243; width=&#8221;1\/2&#8243; column_width_pixel=&#8221;790&#8243; uncode_shortcode_id=&#8221;159839&#8243; el_class=&#8221;padR70 noTPad&#8221;][vc_custom_heading text_color=&#8221;color-133e67-l&#8221; heading_semantic=&#8221;h4&#8243; text_font=&#8221;font-title&#8221; text_size=&#8221;h6&#8243; text_weight=&#8221;500&#8243; text_space=&#8221;fontspace-2px&#8221; uncode_shortcode_id=&#8221;878611&#8243; text_color_type=&#8221;uncode-palette&#8221;]MALLORCA MEDICAL GROUP[\/vc_custom_heading][vc_custom_heading heading_semantic=&#8221;h1&#8243; text_font=&#8221;font-title&#8221; text_size=&#8221;fontsize-102179&#8243; text_weight=&#8221;700&#8243; uncode_shortcode_id=&#8221;200154&#8243; el_class=&#8221;reducedTopSpace&#8221;]Dr. Garc\u00eda Ceballos[\/vc_custom_heading][vc_column_text uncode_shortcode_id=&#8221;391152&#8243;]<\/p>\n<h4><span style=\"font-weight: 400;\">Dr. Garc\u00eda Ceballos: Plastic Surgeon<\/span><\/h4>\n<p><span style=\"font-weight: 400;\">Dr. <strong>Garc\u00eda Ceballos<\/strong> is a highly qualified plastic surgeon, with a degree in Medicine and Surgery from the University of the Basque Country.<\/span><a href=\"https:\/\/en.wikipedia.org\/wiki\/Basque_Country_(autonomous_community)\" target=\"_blank\" rel=\"noopener\"><span style=\"font-weight: 400;\">Basque Country <\/span><\/a><span style=\"font-weight: 400;\">(<\/span><a href=\"https:\/\/www.ehu.eus\/en\/en-home\" target=\"_blank\" rel=\"noopener\"><span style=\"font-weight: 400;\">UPV\/EHU<\/span><\/a><span style=\"font-weight: 400;\">). His pursuit of specialization in plastic surgery took him through rigorous training programs both in the United Kingdom at the prestigious <\/span><a href=\"https:\/\/www.guysandstthomas.nhs.uk\/\" target=\"_blank\" rel=\"noopener\"><span style=\"font-weight: 400;\">Guy&#8217;s &amp; St Thomas&#8217;s Hospital NHS<\/span><\/a><span style=\"font-weight: 400;\"> Trust in <\/span><a href=\"https:\/\/en.wikipedia.org\/wiki\/London\" target=\"_blank\" rel=\"noopener\"><span style=\"font-weight: 400;\">London<\/span><\/a><span style=\"font-weight: 400;\">as in <\/span><a href=\"https:\/\/en.wikipedia.org\/wiki\/Belgium\" target=\"_blank\" rel=\"noopener\"><span style=\"font-weight: 400;\">Belgium<\/span><\/a><span style=\"font-weight: 400;\">where he trained at the University Hospital of the Free University of Brussels, both in the Flemish part (<\/span><a href=\"https:\/\/www.uzbrussel.be\/web\/international\/\" target=\"_blank\" rel=\"noopener\"><span style=\"font-weight: 400;\">AZ VUB<\/span><\/a><span style=\"font-weight: 400;\">) and in the French-speaking part (ULB) in Brussels.<\/span><\/p>\n<p><span style=\"font-weight: 400;\">His unwavering commitment to excellence in the field of plastic surgery led him to obtain the prestigious fellowship of the Belgian College of Plastic Surgeons through a rigorous selection process.<\/span><\/p>\n<p><span style=\"font-weight: 400;\">With more than 15 years of extensive international experience in the field of plastic surgery, Dr. Garc\u00eda Ceballos has decided to bring his expertise to Palma de Mallorca.<\/span><\/p>\n<p><span style=\"font-weight: 400;\">His areas of expertise in plastic surgery include breast surgery, in which he uses the innovative B.A.G.S. System, as well as breast augmentation and breast lift procedures with polyurethane implants. In addition, Dr. Garcia Ceballos is an expert in facial surgery, highlighting Rhinoplasty, both in its primary and secondary form, as a significant part of his practice. He also has extensive experience in facial rejuvenation procedures, including the use of microparticle fat and adipose tissue grafts, neck surgery, eyelid surgery (blepharoplasty) and otoplasty (ear surgery).<\/span><\/p>\n<p><span style=\"font-weight: 400;\">In addition to these specialized procedures, Dr. Garcia Ceballos devotes a substantial portion of his practice to body contouring surgery, including abdominoplasties, liposuction surgeries, and buttock, thigh and arm lifts. His relentless dedication to delivering exceptional results has made him a surgeon in high demand in the field of plastic surgery.<\/span><\/p>\n<p><span style=\"font-weight: 400;\"><a href=\"https:\/\/www.mallorcamedicalgroup.com\/nosotros\/dr-garcia-ceballos\/\">Dr. Garcia Ceballos<\/a> is a plastic surgeon of excellence with extensive experience and international training that he now puts at the service of the community in Palma de Mallorca.<\/span>[\/vc_column_text][vc_empty_space empty_h=&#8221;1&#8243;][vc_tabs history=&#8221;yes&#8221; target=&#8221;row&#8221; typography=&#8221;yes&#8221; align=&#8221;left&#8221; el_class=&#8221;customTabs&#8221;][vc_tab gutter_size=&#8221;2&#8243; column_padding=&#8221;2&#8243; tab_id=&#8221;1427378744920-0-1016355831211891639740214703&#8243; title=&#8221;01. Values&#8221; slug=&#8221;valores&#8221;][vc_column_text uncode_shortcode_id=&#8221;214210&#8243;]<\/p>\n<ul>\n<li>To provide technical excellence in surgery making your experience a pleasant one.<\/li>\n<li>Clarity in communication.<\/li>\n<li>Honesty and transparency.<\/li>\n<li>Convey confidence by accompanying the patient at all times.<\/li>\n<li>To reach a duly informed consent for each intervention.<\/li>\n<li>Mutual respect and courtesy.<\/li>\n<\/ul>\n<p>[\/vc_column_text][\/vc_tab][vc_tab gutter_size=&#8221;2&#8243; column_padding=&#8221;2&#8243; title=&#8221;02. Principles of practice&#8221; tab_id=&#8221;1427378745229-0-116355831211891639740214703&#8243; slug=&#8221;principios&#8221;][vc_column_text uncode_shortcode_id=&#8221;136509&#8243;]<\/p>\n<ul>\n<li>Fully understand all the needs of each patient.<\/li>\n<li>Provide solutions to the problems that arise.<\/li>\n<li>To provide a modern practice based on updated knowledge.<\/li>\n<li>To consistently and reliably provide excellence in surgical care.<\/li>\n<li>Make a lifelong commitment to self-assessment, review and advancement.<\/li>\n<li>Teaching, training and transmitting knowledge.<\/li>\n<\/ul>\n<p>[\/vc_column_text][\/vc_tab][\/vc_tabs][vc_empty_space empty_h=&#8221;1&#8243;][vc_row_inner limit_content=&#8221;&#8221;][vc_column_inner width=&#8221;1\/2&#8243;][vc_button size=&#8221;btn-sm&#8221; outline=&#8221;yes&#8221; custom_typo=&#8221;yes&#8221; font_family=&#8221;font-default&#8221; font_weight=&#8221;400&#8243; letter_spacing=&#8221;fontspace-2px&#8221; border_width=&#8221;0&#8243; icon_position=&#8221;right&#8221; link=&#8221;url:https%3A%2F%2Fwww.mallorcamedicalgroup.com%2Fcontacto%2F|title:CONTACT|&#8221; icon=&#8221;fa fa-long-arrow-right&#8221; uncode_shortcode_id=&#8221;148159&#8243; el_class=&#8221;customButton&#8221;]CONTACT[\/vc_button][\/vc_column_inner][vc_column_inner width=&#8221;1\/2&#8243;][vc_single_image media=&#8221;106620&#8243; media_width_percent=&#8221;100&#8243; uncode_shortcode_id=&#8221;207135&#8243; media_link=&#8221;url:https%3A%2F%2Fpro.rbsps.org%2Fen%2Frbsps%2Fofficial-entities.html&#8221;][\/vc_column_inner][\/vc_row_inner][\/vc_column][vc_column column_width_percent=&#8221;100&#8243; gutter_size=&#8221;0&#8243; override_padding=&#8221;yes&#8221; column_padding=&#8221;0&#8243; back_image=&#8221;101132&#8243; overlay_alpha=&#8221;50&#8243; shift_x=&#8221;0&#8243; shift_y=&#8221;0&#8243; shift_y_down=&#8221;0&#8243; z_index=&#8221;0&#8243; medium_width=&#8221;0&#8243; mobile_width=&#8221;0&#8243; width=&#8221;1\/2&#8243; uncode_shortcode_id=&#8221;173435&#8243;][vc_single_image media=&#8221;101132&#8243; media_width_percent=&#8221;100&#8243; uncode_shortcode_id=&#8221;147004&#8243; el_class=&#8221;onlyMobile&#8221;][\/vc_column][\/vc_row][vc_row row_height_percent=&#8221;0&#8243; override_padding=&#8221;yes&#8221; h_padding=&#8221;0&#8243; top_padding=&#8221;0&#8243; bottom_padding=&#8221;0&#8243; overlay_alpha=&#8221;50&#8243; equal_height=&#8221;yes&#8221; gutter_size=&#8221;3&#8243; column_width_percent=&#8221;100&#8243; shift_y=&#8221;0&#8243; z_index=&#8221;0&#8243; uncode_shortcode_id=&#8221;144813&#8243;][vc_column column_width_use_pixel=&#8221;yes&#8221; gutter_size=&#8221;3&#8243; override_padding=&#8221;yes&#8221; column_padding=&#8221;4&#8243; overlay_alpha=&#8221;50&#8243; shift_x=&#8221;0&#8243; shift_y=&#8221;0&#8243; shift_y_down=&#8221;0&#8243; z_index=&#8221;0&#8243; medium_width=&#8221;0&#8243; mobile_width=&#8221;0&#8243; width=&#8221;3\/4&#8243; uncode_shortcode_id=&#8221;144236&#8243; el_class=&#8221;padR70&#8243;][vc_custom_heading text_color=&#8221;color-wvjs&#8221; heading_semantic=&#8221;div&#8221; text_font=&#8221;font-title&#8221; text_size=&#8221;h6&#8243; text_weight=&#8221;500&#8243; text_space=&#8221;fontspace-2px&#8221; uncode_shortcode_id=&#8221;288978&#8243; text_color_type=&#8221;uncode-palette&#8221;]Dr. Garc\u00eda Ceballos[\/vc_custom_heading][vc_custom_heading text_color=&#8221;color-prif&#8221; heading_semantic=&#8221;div&#8221; text_font=&#8221;font-title&#8221; text_size=&#8221;h1&#8243; text_weight=&#8221;700&#8243; uncode_shortcode_id=&#8221;136998&#8243; text_color_type=&#8221;uncode-palette&#8221; el_class=&#8221;reducedTopSpace&#8221;]Credentials[\/vc_custom_heading][vc_column_text uncode_shortcode_id=&#8221;603551&#8243; el_class=&#8221;reduceTopSpace&#8221;]<strong>You can check your credentials at the following links:<\/strong><\/p>\n<ul>\n<li>The GMC n\u00ba (UK): 4073525<\/li>\n<li><a href=\"https:\/\/www.cgcom.es\/\" target=\"_blank\" rel=\"noopener\">OMC (General Medical Council Spain) No.: 070707779<\/a><\/li>\n<li><a href=\"https:\/\/secpre.org\/\" target=\"_blank\" rel=\"noopener\">SECPRE (Spanish Association of Plastic, Cosmetic and Reconstructive Surgeons)<\/a><\/li>\n<li>Orde Van Geneesheren (General Medical Council Belgium) no.:18923908210<\/li>\n<\/ul>\n<p>[\/vc_column_text][\/vc_column][vc_column column_width_percent=&#8221;100&#8243; gutter_size=&#8221;3&#8243; overlay_alpha=&#8221;50&#8243; shift_x=&#8221;0&#8243; shift_y=&#8221;0&#8243; shift_y_down=&#8221;0&#8243; z_index=&#8221;0&#8243; medium_width=&#8221;0&#8243; mobile_width=&#8221;0&#8243; width=&#8221;1\/4&#8243; uncode_shortcode_id=&#8221;115127&#8243;][\/vc_column][\/vc_row][vc_row row_height_percent=&#8221;0&#8243; override_padding=&#8221;yes&#8221; h_padding=&#8221;0&#8243; top_padding=&#8221;0&#8243; bottom_padding=&#8221;0&#8243; back_color=&#8221;color-lxmt&#8221; overlay_alpha=&#8221;50&#8243; equal_height=&#8221;yes&#8221; gutter_size=&#8221;3&#8243; column_width_percent=&#8221;100&#8243; shift_y=&#8221;0&#8243; z_index=&#8221;0&#8243; uncode_shortcode_id=&#8221;987367&#8243; back_color_type=&#8221;uncode-palette&#8221;][vc_column column_width_use_pixel=&#8221;yes&#8221; gutter_size=&#8221;3&#8243; override_padding=&#8221;yes&#8221; column_padding=&#8221;4&#8243; overlay_alpha=&#8221;50&#8243; shift_x=&#8221;0&#8243; shift_y=&#8221;0&#8243; shift_y_down=&#8221;0&#8243; z_index=&#8221;0&#8243; medium_width=&#8221;0&#8243; mobile_width=&#8221;0&#8243; width=&#8221;3\/4&#8243; uncode_shortcode_id=&#8221;144236&#8243; el_class=&#8221;padR70&#8243;][vc_custom_heading text_color=&#8221;color-wvjs&#8221; heading_semantic=&#8221;div&#8221; text_font=&#8221;font-title&#8221; text_size=&#8221;h6&#8243; text_weight=&#8221;500&#8243; text_space=&#8221;fontspace-2px&#8221; uncode_shortcode_id=&#8221;288978&#8243; text_color_type=&#8221;uncode-palette&#8221;]Dr. Garc\u00eda Ceballos[\/vc_custom_heading][vc_custom_heading text_color=&#8221;color-prif&#8221; heading_semantic=&#8221;div&#8221; text_font=&#8221;font-title&#8221; text_size=&#8221;h1&#8243; text_weight=&#8221;700&#8243; uncode_shortcode_id=&#8221;120412&#8243; text_color_type=&#8221;uncode-palette&#8221; el_class=&#8221;reducedTopSpace&#8221;]Innovation and patents[\/vc_custom_heading][vc_column_text uncode_shortcode_id=&#8221;167290&#8243; el_class=&#8221;reduceTopSpace&#8221;]<strong>Dr. Garc\u00eda Ceballos created the MMG center for aesthetic plastic surgery and has developed several patented utility models of devices for the extraction and processing of human fat for fat grafting.<\/strong><\/p>\n<p>It also has several designs with 3D instrumentation technology. He has published the <a href=\"https:\/\/mallorcamedicalgroup.com\/en\/blog\/plastic-surgery-en\/advance-in-rhinoplasty\/\" target=\"_blank\" rel=\"noopener\">methodology for the prevention of nasal dorsum irregularities in rhinoplasty using L-PRF and nanofat<\/a> and is the author of a preoperative <a href=\"https:\/\/mallorcamedicalgroup.com\/en\/blog\/plastic-surgery-en\/advance-in-rhinoplasty\/\" target=\"_blank\" rel=\"noopener\">classification<\/a> of rhinoplasties based on the thickness of the nasal envelope. The posterior access neck lift technique as well as the BAGS technique for breast lift are other techniques developed during his professional career.  Dr. Garc\u00eda Ceballos <strong>has carried out humanitarian work in Africa in collaboration with USP Hospitals and the Lladr\u00f3 Foundation for operation Smile and is a sponsor of the NGO &#8220;Mediterr\u00e1nea&#8221;<\/strong>.[\/vc_column_text][\/vc_column][vc_column column_width_percent=&#8221;100&#8243; gutter_size=&#8221;3&#8243; overlay_alpha=&#8221;50&#8243; shift_x=&#8221;0&#8243; shift_y=&#8221;0&#8243; shift_y_down=&#8221;0&#8243; z_index=&#8221;0&#8243; medium_width=&#8221;0&#8243; mobile_width=&#8221;0&#8243; width=&#8221;1\/4&#8243; uncode_shortcode_id=&#8221;115127&#8243;][\/vc_column][\/vc_row][vc_row row_height_percent=&#8221;0&#8243; override_padding=&#8221;yes&#8221; h_padding=&#8221;0&#8243; top_padding=&#8221;0&#8243; bottom_padding=&#8221;0&#8243; overlay_alpha=&#8221;50&#8243; equal_height=&#8221;yes&#8221; gutter_size=&#8221;3&#8243; column_width_percent=&#8221;100&#8243; shift_y=&#8221;0&#8243; z_index=&#8221;0&#8243; uncode_shortcode_id=&#8221;144813&#8243;][vc_column column_width_use_pixel=&#8221;yes&#8221; gutter_size=&#8221;3&#8243; override_padding=&#8221;yes&#8221; column_padding=&#8221;4&#8243; overlay_alpha=&#8221;50&#8243; shift_x=&#8221;0&#8243; shift_y=&#8221;0&#8243; shift_y_down=&#8221;0&#8243; z_index=&#8221;0&#8243; medium_width=&#8221;0&#8243; mobile_width=&#8221;0&#8243; width=&#8221;3\/4&#8243; uncode_shortcode_id=&#8221;144236&#8243; el_class=&#8221;padR70&#8243;][vc_custom_heading text_color=&#8221;color-wvjs&#8221; heading_semantic=&#8221;div&#8221; text_font=&#8221;font-title&#8221; text_size=&#8221;h6&#8243; text_weight=&#8221;500&#8243; text_space=&#8221;fontspace-2px&#8221; uncode_shortcode_id=&#8221;288978&#8243; text_color_type=&#8221;uncode-palette&#8221;]Dr. Garc\u00eda Ceballos[\/vc_custom_heading][vc_custom_heading text_color=&#8221;color-prif&#8221; heading_semantic=&#8221;div&#8221; text_font=&#8221;font-title&#8221; text_size=&#8221;h1&#8243; text_weight=&#8221;700&#8243; uncode_shortcode_id=&#8221;111146&#8243; text_color_type=&#8221;uncode-palette&#8221; el_class=&#8221;reducedTopSpace&#8221;]Partner Centers[\/vc_custom_heading][vc_column_text uncode_shortcode_id=&#8221;100800&#8243; el_class=&#8221;reduceTopSpace&#8221;]<\/p>\n<ul>\n<li>Mallorca Medical Group is an <strong>associated center of the <a href=\"https:\/\/www.quironsalud.com\/palmaplanas\" target=\"_blank\" rel=\"noopener\">Hospital Quir\u00f3n Palmaplanas<\/a><\/strong> and <strong><a href=\"https:\/\/www.quironsalud.com\/palmaplanas\/es\/centros-medicos\/centro-medico\/hospital-quironsalud-veri\" target=\"_blank\" rel=\"noopener\">Hospital Quir\u00f3n Son Ver\u00ed<\/a><\/strong>where surgeries are performed under optimal conditions.<\/li>\n<li>The clinics are <strong>ISO 9001:2000 certified and have been awarded the Certification of Excellence in Health Care<\/strong>.<\/li>\n<li>Hospital Quir\u00f3n Palmaplanas is a modern clinic with all medical specialties and facilities including Intensive Care Unit. The Quironsalud Son Ver\u00ed hospital is a center with 4 operating rooms and 4 individual resuscitation stations and has 33 beds distributed in 22 rooms, two of which are en suite. All are equipped with a companion bed, are outward-facing with sea views and offer patients and companions a high level of comfort.<\/li>\n<li>They are equipped with the technology and human resources to perform procedures under local, regional or general anesthesia according to your requirements.<\/li>\n<li>You may choose to stay in the clinic as many days as you wish as long as you let us know in advance. The number of nights included in the price is shown on the estimate of your intervention. Usually the rooms have an extra bed for your companion in case you need it.<\/li>\n<li><strong>Nursing service available 24 hours a day during your stay.<\/strong><\/li>\n<\/ul>\n<p>[\/vc_column_text][\/vc_column][vc_column column_width_percent=&#8221;100&#8243; align_horizontal=&#8221;align_center&#8221; gutter_size=&#8221;3&#8243; overlay_alpha=&#8221;50&#8243; shift_x=&#8221;0&#8243; shift_y=&#8221;0&#8243; shift_y_down=&#8221;0&#8243; z_index=&#8221;0&#8243; medium_width=&#8221;0&#8243; mobile_width=&#8221;0&#8243; width=&#8221;1\/4&#8243; uncode_shortcode_id=&#8221;966484&#8243;][vc_gallery][\/vc_column][\/vc_row][vc_row unlock_row_content=&#8221;yes&#8221; row_height_percent=&#8221;0&#8243; override_padding=&#8221;yes&#8221; h_padding=&#8221;0&#8243; top_padding=&#8221;0&#8243; bottom_padding=&#8221;0&#8243; back_color=&#8221;color-lxmt&#8221; overlay_alpha=&#8221;50&#8243; equal_height=&#8221;yes&#8221; gutter_size=&#8221;0&#8243; column_width_percent=&#8221;100&#8243; shift_y=&#8221;0&#8243; z_index=&#8221;0&#8243; uncode_shortcode_id=&#8221;388617&#8243; back_color_type=&#8221;uncode-palette&#8221; row_name=&#8221;doctor&#8221;][vc_column column_width_percent=&#8221;100&#8243; gutter_size=&#8221;0&#8243; override_padding=&#8221;yes&#8221; column_padding=&#8221;0&#8243; overlay_alpha=&#8221;50&#8243; shift_x=&#8221;0&#8243; shift_y=&#8221;0&#8243; shift_y_down=&#8221;0&#8243; z_index=&#8221;0&#8243; medium_width=&#8221;0&#8243; mobile_width=&#8221;0&#8243; width=&#8221;1\/2&#8243; uncode_shortcode_id=&#8221;862993&#8243; el_class=&#8221;padR70&#8243;][vc_single_image media=&#8221;104871&#8243; media_width_percent=&#8221;100&#8243; uncode_shortcode_id=&#8221;119681&#8243;][\/vc_column][vc_column column_width_percent=&#8221;100&#8243; gutter_size=&#8221;0&#8243; override_padding=&#8221;yes&#8221; column_padding=&#8221;0&#8243; back_image=&#8221;101132&#8243; overlay_alpha=&#8221;50&#8243; shift_x=&#8221;0&#8243; shift_y=&#8221;0&#8243; shift_y_down=&#8221;0&#8243; z_index=&#8221;0&#8243; medium_width=&#8221;0&#8243; mobile_width=&#8221;0&#8243; width=&#8221;1\/2&#8243; uncode_shortcode_id=&#8221;172360&#8243;][vc_single_image media=&#8221;105141&#8243; media_width_percent=&#8221;100&#8243; uncode_shortcode_id=&#8221;109373&#8243;][\/vc_column][\/vc_row]<\/p>\n","protected":false},"excerpt":{"rendered":"<p>Dr. Garc\u00eda Ceballos has a degree in Medicine and Surgery from the University of the Basque Country. He trained as a plastic surgeon between the United Kingdom (Guy&#8217;s &amp; St Thomas&#8217; Hospital NHS trust) in London and Belgium (University Hospital of the Free University of Brussels, Flemish UZ VUB and Francophone ULB) in Brussels.<\/p>\n","protected":false},"author":1,"featured_media":103085,"parent":103317,"menu_order":0,"comment_status":"closed","ping_status":"closed","template":"","meta":{"footnotes":""},"class_list":["post-103334","page","type-page","status-publish","has-post-thumbnail","hentry"],"_links":{"self":[{"href":"https:\/\/mallorcamedicalgroup.com\/en\/wp-json\/wp\/v2\/pages\/103334","targetHints":{"allow":["GET"]}}],"collection":[{"href":"https:\/\/mallorcamedicalgroup.com\/en\/wp-json\/wp\/v2\/pages"}],"about":[{"href":"https:\/\/mallorcamedicalgroup.com\/en\/wp-json\/wp\/v2\/types\/page"}],"author":[{"embeddable":true,"href":"https:\/\/mallorcamedicalgroup.com\/en\/wp-json\/wp\/v2\/users\/1"}],"replies":[{"embeddable":true,"href":"https:\/\/mallorcamedicalgroup.com\/en\/wp-json\/wp\/v2\/comments?post=103334"}],"version-history":[{"count":9,"href":"https:\/\/mallorcamedicalgroup.com\/en\/wp-json\/wp\/v2\/pages\/103334\/revisions"}],"predecessor-version":[{"id":108237,"href":"https:\/\/mallorcamedicalgroup.com\/en\/wp-json\/wp\/v2\/pages\/103334\/revisions\/108237"}],"up":[{"embeddable":true,"href":"https:\/\/mallorcamedicalgroup.com\/en\/wp-json\/wp\/v2\/pages\/103317"}],"wp:featuredmedia":[{"embeddable":true,"href":"https:\/\/mallorcamedicalgroup.com\/en\/wp-json\/wp\/v2\/media\/103085"}],"wp:attachment":[{"href":"https:\/\/mallorcamedicalgroup.com\/en\/wp-json\/wp\/v2\/media?parent=103334"}],"curies":[{"name":"wp","href":"https:\/\/api.w.org\/{rel}","templated":true}]}}