{"id":103536,"date":"2022-06-11T18:24:22","date_gmt":"2022-06-11T18:24:22","guid":{"rendered":"https:\/\/www.mallorcamedicalgroup.es\/procedures\/medicina-estetica\/nanofat\/"},"modified":"2024-03-10T10:16:51","modified_gmt":"2024-03-10T10:16:51","slug":"nanofat","status":"publish","type":"page","link":"https:\/\/mallorcamedicalgroup.com\/en\/procedures\/cosmetic-medicine\/nanofat\/","title":{"rendered":"Nanofat"},"content":{"rendered":"<p>[vc_row unlock_row_content=&#8221;yes&#8221; row_height_percent=&#8221;0&#8243; override_padding=&#8221;yes&#8221; h_padding=&#8221;0&#8243; top_padding=&#8221;0&#8243; bottom_padding=&#8221;0&#8243; overlay_alpha=&#8221;50&#8243; equal_height=&#8221;yes&#8221; gutter_size=&#8221;0&#8243; column_width_percent=&#8221;100&#8243; shift_y=&#8221;0&#8243; z_index=&#8221;0&#8243; bottom_divider=&#8221;gradient&#8221; uncode_shortcode_id=&#8221;447126&#8243; el_class=&#8221;customBack50&#8243;][vc_column column_width_use_pixel=&#8221;yes&#8221; position_horizontal=&#8221;right&#8221; position_vertical=&#8221;middle&#8221; gutter_size=&#8221;0&#8243; override_padding=&#8221;yes&#8221; column_padding=&#8221;2&#8243; style=&#8221;dark&#8221; back_color=&#8221;color-f3b3b2&#8243; overlay_alpha=&#8221;50&#8243; shift_x=&#8221;0&#8243; shift_y=&#8221;0&#8243; shift_y_down=&#8221;0&#8243; z_index=&#8221;0&#8243; medium_width=&#8221;4&#8243; mobile_width=&#8221;0&#8243; width=&#8221;7\/12&#8243; uncode_shortcode_id=&#8221;585562&#8243; back_color_type=&#8221;uncode-palette&#8221; column_width_pixel=&#8221;750&#8243; el_class=&#8221;moveLeft30&#8243;][vc_custom_heading text_color=&#8221;color-xsdn&#8221; heading_semantic=&#8221;div&#8221; text_font=&#8221;font-title&#8221; text_size=&#8221;h6&#8243; text_weight=&#8221;500&#8243; text_space=&#8221;fontspace-2px&#8221; uncode_shortcode_id=&#8221;189547&#8243; text_color_type=&#8221;uncode-palette&#8221; el_class=&#8221;op05&#8243;]MMG[\/vc_custom_heading][vc_empty_space empty_h=&#8221;1&#8243;][vc_custom_heading text_color=&#8221;color-xsdn&#8221; heading_semantic=&#8221;h1&#8243; text_font=&#8221;font-title&#8221; text_size=&#8221;h1&#8243; text_weight=&#8221;700&#8243; uncode_shortcode_id=&#8221;110937&#8243; text_color_type=&#8221;uncode-palette&#8221;]Nanofat[\/vc_custom_heading][vc_empty_space empty_h=&#8221;1&#8243;][vc_raw_html]JTNDdGFibGUlMjBjbGFzcyUzRCUyMmN1c3RvbVRhYmxlJTIyJTNFJTBBJTBBJTNDdHIlM0UlMEElM0N0ZCUyMGNsYXNzJTNEJTIyY3VzdG9tVGFibGVUZDElMjIlM0UlMEElM0NpJTIwY2xhc3MlM0QlMjJmYSUyMGZhLW1lZGtpdCUyMiUzRSUzQyUyRmklM0UlMjBBbmVzdGhlc2lhJTBBJTNDJTJGdGQlM0UlMEElM0N0ZCUyMGNsYXNzJTNEJTIyY3VzdG9tVGFibGVUZDIlMjIlM0UlMEFMb2NhbCUwQSUzQyUyRnRkJTNFJTBBJTNDJTJGdHIlM0UlMEElMEElM0N0ciUzRSUwQSUzQ3RkJTIwY2xhc3MlM0QlMjJjdXN0b21UYWJsZVRkMSUyMiUzRSUwQSUzQ2klMjBjbGFzcyUzRCUyMmZhJTIwZmEtY2xvY2stbyUyMiUzRSUzQyUyRmklM0UlMjBEdXJhdGlvbiUwQSUzQyUyRnRkJTNFJTBBJTNDdGQlMjBjbGFzcyUzRCUyMmN1c3RvbVRhYmxlVGQyJTIyJTNFJTBBMSUyMGhyLiUwQSUzQyUyRnRkJTNFJTBBJTNDJTJGdHIlM0UlMEElMEElM0N0ciUzRSUwQSUzQ3RkJTIwY2xhc3MlM0QlMjJjdXN0b21UYWJsZVRkMSUyMiUzRSUwQSUzQ2klMjBjbGFzcyUzRCUyMmZhJTIwZmEtaC1zcXVhcmUlMjIlM0UlM0MlMkZpJTNFJTIwSG9zcG90YWxpemFjaSVDMyVCM24lMEElM0MlMkZ0ZCUzRSUwQSUzQ3RkJTIwY2xhc3MlM0QlMjJjdXN0b21UYWJsZVRkMiUyMiUzRSUwQUFtYnVsYXRvcnklMEElM0MlMkZ0ZCUzRSUwQSUzQyUyRnRyJTNFJTBBJTBBJTNDdHIlM0UlMEElM0N0ZCUyMGNsYXNzJTNEJTIyY3VzdG9tVGFibGVUZDElMjIlM0UlMEElM0NpJTIwY2xhc3MlM0QlMjJmYSUyMGZhLXVzZXItbWQlMjIlM0UlM0MlMkZpJTNFJTIwUG9zdG9wZXJhdGl2ZSUyMG5lZWRzJTBBJTNDJTJGdGQlM0UlMEElM0N0ZCUyMGNsYXNzJTNEJTIyY3VzdG9tVGFibGVUZDIlMjIlM0UlMEFTdW5nbGFzc2VzJTBBJTNDJTJGdGQlM0UlMEElM0MlMkZ0ciUzRSUwQSUwQSUzQ3RyJTNFJTBBJTNDdGQlMjBjbGFzcyUzRCUyMmN1c3RvbVRhYmxlVGQxJTIyJTNFJTBBJTNDaSUyMGNsYXNzJTNEJTIyZmElMjBmYS1jaGVjayUyMiUzRSUzQyUyRmklM0UlMjBSZXN1bHRzJTBBJTNDJTJGdGQlM0UlMEElM0N0ZCUyMGNsYXNzJTNEJTIyY3VzdG9tVGFibGVUZDIlMjIlM0UlMEFWaXNpYmxlJTIwZGUlMjBpbm1lZGlhdG8uJTIwU2V0dGxlbWVudCUyMDElMjB5ZWFyLiUwQSUzQyUyRnRkJTNFJTBBJTNDJTJGdHIlM0UlMEElMEElM0MlMkZ0YWJsZSUzRQ==[\/vc_raw_html][vc_empty_space empty_h=&#8221;2&#8243;][vc_button size=&#8221;btn-sm&#8221; outline=&#8221;yes&#8221; custom_typo=&#8221;yes&#8221; font_family=&#8221;font-default&#8221; font_weight=&#8221;400&#8243; text_transform=&#8221;uppercase&#8221; letter_spacing=&#8221;fontspace-2px&#8221; border_width=&#8221;0&#8243; icon_position=&#8221;right&#8221; link=&#8221;url:%23masinfo|title:More%20information|&#8221; icon=&#8221;fa fa-arrow-down3&#8243; uncode_shortcode_id=&#8221;632719&#8243;]More information[\/vc_button][vc_raw_js]JTNDc2NyaXB0JTIwdHlwZSUzRCUyMnRleHQlMkZqYXZhc2NyaXB0JTIyJTNFJTBBJTBBZG9jdW1lbnQuZ2V0RWxlbWVudEJ5SWQlMjglMjdsb2dvTU1HJTI3JTI5LnNyYyUzRCUyNyUyRndwLWNvbnRlbnQlMkZ1cGxvYWRzJTJGMjAyMSUyRjEwJTJGbW1nLWVzdGV0aWNhLnN2ZyUyNyUwQSUwQSUzQyUyRnNjcmlwdCUzRSUwQSUwQSUzQ3NjcmlwdCUyMHR5cGUlM0QlMjJ0ZXh0JTJGamF2YXNjcmlwdCUyMiUzRSUwQSUwQSUyNCUyOGRvY3VtZW50JTI5LnJlYWR5JTI4ZnVuY3Rpb24lMjglMjklMjAlN0IlMEElMjAlMjAlMjAlMjAlMjQlMjglMjIlMjNsb2dvTU1HJTIyJTI5LmFkZENsYXNzJTI4JTIybWFpbiUyMiUyOSUzQiUwQSU3RCUyOSUzQiUwQSUwQSUzQyUyRnNjcmlwdCUzRQ==[\/vc_raw_js][\/vc_column][vc_column column_width_use_pixel=&#8221;yes&#8221; position_horizontal=&#8221;left&#8221; position_vertical=&#8221;bottom&#8221; gutter_size=&#8221;0&#8243; override_padding=&#8221;yes&#8221; column_padding=&#8221;0&#8243; back_color=&#8221;color-f3b3b2&#8243; overlay_alpha=&#8221;0&#8243; shift_x=&#8221;0&#8243; shift_y=&#8221;0&#8243; shift_y_fixed=&#8221;yes&#8221; shift_y_down=&#8221;0&#8243; z_index=&#8221;0&#8243; medium_width=&#8221;4&#8243; mobile_width=&#8221;0&#8243; width=&#8221;5\/12&#8243; uncode_shortcode_id=&#8221;467350&#8243; column_width_pixel=&#8221;600&#8243; back_color_type=&#8221;uncode-palette&#8221;][vc_single_image media=&#8221;104012&#8243; media_width_use_pixel=&#8221;yes&#8221; uncode_shortcode_id=&#8221;949021&#8243;][\/vc_column][\/vc_row][vc_row row_height_percent=&#8221;0&#8243; override_padding=&#8221;yes&#8221; h_padding=&#8221;0&#8243; top_padding=&#8221;0&#8243; bottom_padding=&#8221;0&#8243; overlay_alpha=&#8221;50&#8243; equal_height=&#8221;yes&#8221; gutter_size=&#8221;3&#8243; column_width_percent=&#8221;100&#8243; shift_y=&#8221;0&#8243; z_index=&#8221;0&#8243; uncode_shortcode_id=&#8221;211215&#8243; row_name=&#8221;masinfo&#8221;][vc_column column_width_use_pixel=&#8221;yes&#8221; gutter_size=&#8221;3&#8243; override_padding=&#8221;yes&#8221; column_padding=&#8221;4&#8243; overlay_alpha=&#8221;50&#8243; shift_x=&#8221;0&#8243; shift_y=&#8221;0&#8243; shift_y_down=&#8221;0&#8243; z_index=&#8221;0&#8243; medium_width=&#8221;0&#8243; mobile_width=&#8221;0&#8243; width=&#8221;3\/4&#8243; uncode_shortcode_id=&#8221;144236&#8243; el_class=&#8221;padR70&#8243;][vc_custom_heading text_color=&#8221;color-wvjs&#8221; heading_semantic=&#8221;div&#8221; text_font=&#8221;font-title&#8221; text_size=&#8221;h6&#8243; text_weight=&#8221;500&#8243; text_space=&#8221;fontspace-2px&#8221; uncode_shortcode_id=&#8221;386963&#8243; text_color_type=&#8221;uncode-palette&#8221;]MMG COSMETIC MEDICINE[\/vc_custom_heading][vc_custom_heading text_color=&#8221;color-prif&#8221; heading_semantic=&#8221;div&#8221; text_font=&#8221;font-title&#8221; text_size=&#8221;h1&#8243; text_weight=&#8221;700&#8243; uncode_shortcode_id=&#8221;277663&#8243; text_color_type=&#8221;uncode-palette&#8221; el_class=&#8221;reducedTopSpace&#8221;]Nanofat[\/vc_custom_heading][vc_column_text uncode_shortcode_id=&#8221;135994&#8243; el_class=&#8221;reduceTopSpace&#8221;]It consists of removing a small amount of fat from some area of the body by <a href=\"https:\/\/www.mallorcamedicalgroup.com\/en\/procedures\/plastic-surgery\/body-surgery\/liposuction-and-fat-transfer\/\" target=\"_blank\" rel=\"noopener\">liposuction<\/a>, processing the fat into an emulsion and reinjecting it into the skin in this texture.<\/p>\n<p>We also know that if we add <a href=\"https:\/\/www.mallorcamedicalgroup.com\/en\/procedures\/regenerative-medicine\/prp\/\" target=\"_blank\" rel=\"noopener\">growth factors, particularly LPRF<\/a>, to the grafted fat, the viability of this fat increases.<\/p>\n<p>It is precisely the permanence of the injected fat that is one of the <strong>disadvantages<\/strong> we must be aware of before undergoing this procedure, since <strong>part of the fat may disappear during the postoperative period<\/strong>.<\/p>\n<p>In any case, <strong>the regenerative capacities of both the fat and the growth factors incorporated mean that we benefit from both the volume provided to the grafted area and the quality of the skin<\/strong>.[\/vc_column_text][vc_empty_space empty_h=&#8221;1&#8243;][vc_row_inner][vc_column_inner width=&#8221;1\/3&#8243;][vc_button size=&#8221;btn-sm&#8221; custom_typo=&#8221;yes&#8221; font_family=&#8221;font-default&#8221; font_weight=&#8221;400&#8243; letter_spacing=&#8221;fontspace-2px&#8221; border_width=&#8221;0&#8243; icon_position=&#8221;right&#8221; link=&#8221;url:%23masinfo2|title:CONTINUAR|&#8221; icon=&#8221;fa fa-arrow-down3&#8243; uncode_shortcode_id=&#8221;203446&#8243;]CONTINUE[\/vc_button][\/vc_column_inner][vc_column_inner width=&#8221;2\/3&#8243;][vc_button size=&#8221;btn-sm&#8221; outline=&#8221;yes&#8221; custom_typo=&#8221;yes&#8221; font_family=&#8221;font-default&#8221; font_weight=&#8221;400&#8243; letter_spacing=&#8221;fontspace-2px&#8221; border_width=&#8221;0&#8243; icon_position=&#8221;right&#8221; link=&#8221;url:%23cita|title:BOOK%20AN%20APPOINTMENT&#8221; icon=&#8221;fa fa-arrow-down3&#8243; uncode_shortcode_id=&#8221;164649&#8243;]BOOK AN APPOINTMENT[\/vc_button][\/vc_column_inner][\/vc_row_inner][\/vc_column][vc_column column_width_percent=&#8221;100&#8243; gutter_size=&#8221;3&#8243; overlay_alpha=&#8221;50&#8243; shift_x=&#8221;0&#8243; shift_y=&#8221;0&#8243; shift_y_down=&#8221;0&#8243; z_index=&#8221;0&#8243; medium_width=&#8221;0&#8243; mobile_width=&#8221;0&#8243; width=&#8221;1\/4&#8243; uncode_shortcode_id=&#8221;115127&#8243;][\/vc_column][\/vc_row][vc_row row_height_percent=&#8221;0&#8243; override_padding=&#8221;yes&#8221; h_padding=&#8221;0&#8243; top_padding=&#8221;0&#8243; bottom_padding=&#8221;0&#8243; back_color=&#8221;color-lxmt&#8221; overlay_alpha=&#8221;50&#8243; equal_height=&#8221;yes&#8221; gutter_size=&#8221;3&#8243; column_width_percent=&#8221;100&#8243; shift_y=&#8221;0&#8243; z_index=&#8221;0&#8243; uncode_shortcode_id=&#8221;163413&#8243; back_color_type=&#8221;uncode-palette&#8221; row_name=&#8221;masinfo2&#8243;][vc_column column_width_use_pixel=&#8221;yes&#8221; gutter_size=&#8221;3&#8243; override_padding=&#8221;yes&#8221; column_padding=&#8221;4&#8243; overlay_alpha=&#8221;50&#8243; shift_x=&#8221;0&#8243; shift_y=&#8221;0&#8243; shift_y_down=&#8221;0&#8243; z_index=&#8221;0&#8243; medium_width=&#8221;0&#8243; mobile_width=&#8221;0&#8243; width=&#8221;1\/1&#8243; uncode_shortcode_id=&#8221;144236&#8243; el_class=&#8221;padR70&#8243;][vc_custom_heading text_color=&#8221;color-wvjs&#8221; heading_semantic=&#8221;div&#8221; text_font=&#8221;font-title&#8221; text_size=&#8221;h6&#8243; text_weight=&#8221;500&#8243; text_space=&#8221;fontspace-2px&#8221; uncode_shortcode_id=&#8221;204043&#8243; text_color_type=&#8221;uncode-palette&#8221;]MMG NANOFAT[\/vc_custom_heading][vc_custom_heading text_color=&#8221;color-prif&#8221; heading_semantic=&#8221;div&#8221; text_font=&#8221;font-title&#8221; text_size=&#8221;h1&#8243; text_weight=&#8221;700&#8243; uncode_shortcode_id=&#8221;113188&#8243; text_color_type=&#8221;uncode-palette&#8221; el_class=&#8221;reducedTopSpace&#8221;]Nanofat grafting[\/vc_custom_heading][vc_custom_heading heading_semantic=&#8221;h4&#8243; text_font=&#8221;font-title&#8221; text_size=&#8221;h4&#8243; text_weight=&#8221;700&#8243; uncode_shortcode_id=&#8221;104494&#8243;]Phases of the procedure[\/vc_custom_heading][vc_column_text uncode_shortcode_id=&#8221;211000&#8243; el_class=&#8221;reduceTopSpace&#8221;]<\/p>\n<ol>\n<li><strong>Liposuction:<\/strong> when the purpose of liposuction is to obtain fat for fat grafting, the procedure is performed with cannulas, usually of a finer diameter.<\/li>\n<li><strong>Fat processing:<\/strong> once the fat has been extracted, it is purified in a closed circuit in order to reduce the risk of infection and exposure of the fat to air.<br \/>\nOnce the fat has been cleaned and processed into an emulsion, it is distributed in syringes of a suitable volume and then deposited in different layers in the areas to be grafted.<\/li>\n<li><strong>Nanofat grafting:<\/strong> the fat extracted in liposuction can be used as a filler by processing and injecting it; this is called lipofilling or fat grafting.: la grasa extra\u00edda en la liposucci\u00f3n puede ser utilizada como relleno mediante su procesado e inyecci\u00f3n; es lo que se denomina lipofilling o injerto graso.<\/li>\n<\/ol>\n<p>[\/vc_column_text][vc_empty_space empty_h=&#8221;1&#8243;][vc_custom_heading heading_semantic=&#8221;h4&#8243; text_font=&#8221;font-title&#8221; text_size=&#8221;h4&#8243; text_weight=&#8221;700&#8243; uncode_shortcode_id=&#8221;986700&#8243;]Areas of application[\/vc_custom_heading][vc_column_text uncode_shortcode_id=&#8221;641602&#8243; el_class=&#8221;reduceTopSpace&#8221;]<strong>Nanofat or nanofat graft can be used for:<\/strong><\/p>\n<ul>\n<li>Treatment of fine wrinkles<\/li>\n<li>Correction of skin defects such as acne sequelae, sagging caused by various injuries<\/li>\n<li>Correction of irregularities on the dorsum of the nose<\/li>\n<li>Elimination of dark circles under the eyes<\/li>\n<li>It can also be combined with lipofilling for facial rejuvenation.<\/li>\n<\/ul>\n<p>[\/vc_column_text][vc_empty_space empty_h=&#8221;1&#8243;][vc_custom_heading heading_semantic=&#8221;h4&#8243; text_font=&#8221;font-title&#8221; text_size=&#8221;h4&#8243; text_weight=&#8221;700&#8243; uncode_shortcode_id=&#8221;617439&#8243;]Post-treatment[\/vc_custom_heading][vc_column_text uncode_shortcode_id=&#8221;103865&#8243; el_class=&#8221;reduceTopSpace&#8221;]Some bruising may appear both in the area where the fat is harvested and in the area where it is applied, although this is rare and varies from person to person.<\/p>\n<p>A certain change in the colouring of the applied area is to be expected for several weeks and some swelling. With the passage of time this oedema settles.<\/p>\n<p>The definitive result can be seen 6 months after the procedure. If the patient desires a larger facial volume over time and if there are sufficient fat deposits in the body, the procedure can be performed again to increase it.<\/p>\n<p>The behaviour of the fat grafts is shown in the following graph:[\/vc_column_text][vc_single_image media=&#8221;103741&#8243; media_width_percent=&#8221;100&#8243; uncode_shortcode_id=&#8221;320085&#8243;][vc_row_inner][vc_column_inner width=&#8221;1\/2&#8243;][vc_button size=&#8221;btn-sm&#8221; outline=&#8221;yes&#8221; custom_typo=&#8221;yes&#8221; font_family=&#8221;font-default&#8221; font_weight=&#8221;400&#8243; letter_spacing=&#8221;fontspace-2px&#8221; border_width=&#8221;0&#8243; icon_position=&#8221;right&#8221; link=&#8221;url:%23cita|title:BOOK%20AN%20APPOINTMENT&#8221; icon=&#8221;fa fa-arrow-down3&#8243; uncode_shortcode_id=&#8221;646869&#8243; el_class=&#8221;customButton&#8221;]BOOK AN APPOINTMENT[\/vc_button][\/vc_column_inner][vc_column_inner width=&#8221;1\/2&#8243;][\/vc_column_inner][\/vc_row_inner][\/vc_column][\/vc_row]<\/p>\n","protected":false},"excerpt":{"rendered":"<p>It consists of removing a small amount of fat from an area of the body by liposuction, processing the fat into an emulsion and re-injecting this texture into the skin. We also know that if we add growth factors, particularly LPRF, to the grafted fat, the viability of this fat increases.<\/p>\n","protected":false},"author":1,"featured_media":104012,"parent":103511,"menu_order":0,"comment_status":"closed","ping_status":"closed","template":"","meta":{"footnotes":""},"class_list":["post-103536","page","type-page","status-publish","has-post-thumbnail","hentry"],"_links":{"self":[{"href":"https:\/\/mallorcamedicalgroup.com\/en\/wp-json\/wp\/v2\/pages\/103536","targetHints":{"allow":["GET"]}}],"collection":[{"href":"https:\/\/mallorcamedicalgroup.com\/en\/wp-json\/wp\/v2\/pages"}],"about":[{"href":"https:\/\/mallorcamedicalgroup.com\/en\/wp-json\/wp\/v2\/types\/page"}],"author":[{"embeddable":true,"href":"https:\/\/mallorcamedicalgroup.com\/en\/wp-json\/wp\/v2\/users\/1"}],"replies":[{"embeddable":true,"href":"https:\/\/mallorcamedicalgroup.com\/en\/wp-json\/wp\/v2\/comments?post=103536"}],"version-history":[{"count":8,"href":"https:\/\/mallorcamedicalgroup.com\/en\/wp-json\/wp\/v2\/pages\/103536\/revisions"}],"predecessor-version":[{"id":106821,"href":"https:\/\/mallorcamedicalgroup.com\/en\/wp-json\/wp\/v2\/pages\/103536\/revisions\/106821"}],"up":[{"embeddable":true,"href":"https:\/\/mallorcamedicalgroup.com\/en\/wp-json\/wp\/v2\/pages\/103511"}],"wp:featuredmedia":[{"embeddable":true,"href":"https:\/\/mallorcamedicalgroup.com\/en\/wp-json\/wp\/v2\/media\/104012"}],"wp:attachment":[{"href":"https:\/\/mallorcamedicalgroup.com\/en\/wp-json\/wp\/v2\/media?parent=103536"}],"curies":[{"name":"wp","href":"https:\/\/api.w.org\/{rel}","templated":true}]}}